{"id":16207,"date":"2022-08-04T11:37:43","date_gmt":"2022-08-04T11:37:43","guid":{"rendered":"https:\/\/mup-water-wordpress.rz.mup-digital.com\/?post_type=product&#038;p=16207"},"modified":"2022-08-30T13:07:27","modified_gmt":"2022-08-30T13:07:27","slug":"orientierende-untersuchungen-der-bohrschlammgrube-wustrow-z3","status":"publish","type":"product","link":"https:\/\/www.mup-water.com\/en\/product\/orientierende-untersuchungen-der-bohrschlammgrube-wustrow-z3\/","title":{"rendered":"Orienting investigations of the \"Wustrow Z3\" drilling mud pit"},"content":{"rendered":"<table>\n<tbody>\n<tr>\n<td width=\"333\">Period:<\/td>\n<td width=\"333\">2018<\/td>\n<\/tr>\n<tr>\n<td width=\"333\">Field of activity:<\/td>\n<td width=\"333\">Historische Erkundung sowie orientierende Untersuchung<\/p>\n<p>Probenahme<\/p>\n<p>Gef\u00e4hrdungsabsch\u00e4tzung<\/td>\n<\/tr>\n<tr>\n<td width=\"333\">Scope of services:<\/td>\n<td width=\"333\">Historische Erkundung<\/p>\n<p>orientierende Untersuchung einschl. Feldarbeiten<\/p>\n<p>Gef\u00e4hrdungsabsch\u00e4tzung<\/td>\n<\/tr>\n<tr>\n<td width=\"333\">Short description:<\/td>\n<td width=\"333\">Durchf\u00fchrung einer Orientierenden Untersuchung der Bohrschlammgrube Wustrow Z3 bei B\u00f6sel in L\u00fcchow (Wendland). Die Bearbeitung erfolgt in Anlehnung an die Arbeitshilfen GEOFAKTEN 29, Phase II \u2013 Best\u00e4tigung\/Ausr\u00e4umung des Gefahrenverdachts.<\/p>\n<p>Vorgeschaltet war eine Phase I (historische Erkundung)<\/td>\n<\/tr>\n<\/tbody>\n<\/table>","protected":false},"excerpt":{"rendered":"<p>Zeitraum: 2018 T\u00e4tigkeitsfeld: Historische Erkundung sowie orientierende Untersuchung Probenahme Gef\u00e4hrdungsabsch\u00e4tzung Leistungsumfang: Historische Erkundung orientierende Untersuchung einschl. Feldarbeiten Gef\u00e4hrdungsabsch\u00e4tzung Kurzbeschreibung: Durchf\u00fchrung<\/p>","protected":false},"featured_media":16247,"template":"","meta":[],"product_brand":[],"product_cat":[38],"product_tag":[],"class_list":{"0":"post-16207","1":"product","2":"type-product","3":"status-publish","4":"has-post-thumbnail","6":"product_cat-boden","8":"first","9":"instock","10":"shipping-taxable","11":"product-type-simple"},"_links":{"self":[{"href":"https:\/\/www.mup-water.com\/en\/wp-json\/wp\/v2\/product\/16207","targetHints":{"allow":["GET"]}}],"collection":[{"href":"https:\/\/www.mup-water.com\/en\/wp-json\/wp\/v2\/product"}],"about":[{"href":"https:\/\/www.mup-water.com\/en\/wp-json\/wp\/v2\/types\/product"}],"wp:featuredmedia":[{"embeddable":true,"href":"https:\/\/www.mup-water.com\/en\/wp-json\/wp\/v2\/media\/16247"}],"wp:attachment":[{"href":"https:\/\/www.mup-water.com\/en\/wp-json\/wp\/v2\/media?parent=16207"}],"wp:term":[{"taxonomy":"product_brand","embeddable":true,"href":"https:\/\/www.mup-water.com\/en\/wp-json\/wp\/v2\/product_brand?post=16207"},{"taxonomy":"product_cat","embeddable":true,"href":"https:\/\/www.mup-water.com\/en\/wp-json\/wp\/v2\/product_cat?post=16207"},{"taxonomy":"product_tag","embeddable":true,"href":"https:\/\/www.mup-water.com\/en\/wp-json\/wp\/v2\/product_tag?post=16207"}],"curies":[{"name":"wp","href":"https:\/\/api.w.org\/{rel}","templated":true}]}}