{"id":19943,"date":"2023-06-22T06:26:11","date_gmt":"2023-06-22T06:26:11","guid":{"rendered":"https:\/\/mup-water-wordpress.rz.mup-digital.com\/?post_type=product&#038;p=19943"},"modified":"2023-08-09T17:09:38","modified_gmt":"2023-08-09T17:09:38","slug":"hochwasserschutz-und-starkregenkonzept-fur-den-metro-standort-der-goodman-gmbh-in-marl","status":"publish","type":"product","link":"https:\/\/www.mup-water.com\/en\/product\/hochwasserschutz-und-starkregenkonzept-fur-den-metro-standort-der-goodman-gmbh-in-marl\/","title":{"rendered":"Flood protection and heavy rain concept for the METRO site of Goodman GmbH in Marl"},"content":{"rendered":"<h2><b>Flood protection and heavy rain concept for the METRO site of Goodman GmbH in Marl<\/b><\/h2>\n<p>&nbsp;<\/p>\n<table>\n<tbody>\n<tr>\n<td><b>Client<\/b><\/td>\n<td>Goodman Melon Logistics (LUX) S.\u00e0 r.l. &amp; Goodman Cadet Logistics (LUX) S.\u00e0 r.l.<\/p>\n<p>Peter M\u00fcller Stra\u00dfe 10, D\u00fcsseldorf 40468<\/td>\n<\/tr>\n<tr>\n<td><b>Performance period<\/b><\/td>\n<td>2023<\/td>\n<\/tr>\n<tr>\n<td><b>Project<\/b><\/td>\n<td>Goodman Germany GmbH would like to obtain a BREEAM for the Marl site. In this context, the so-called \"flood resilience\" is also to be assessed. This is to be done by drawing up a flood protection concept, in which, among other things, greater attention is to be paid to the existing situation and the associated risks with regard to flooding and heavy rainfall.<\/td>\n<\/tr>\n<tr>\n<td><b>Engineering services<\/b><\/td>\n<td>\n<ul>\n<li>Plant inspection, stocktaking and description<\/li>\n<li>Flood protection and heavy rain concept - report compilation<\/li>\n<li>Coordination meetings\/meetings<\/li>\n<\/ul>\n<\/td>\n<\/tr>\n<\/tbody>\n<\/table>","protected":false},"excerpt":{"rendered":"<p>Hochwasserschutz- und Starkregenkonzept f\u00fcr den METRO Standort der Goodman GmbH in Marl &nbsp; Auftraggeber Goodman Melon Logistics (LUX) S.\u00e0 r.l.<\/p>","protected":false},"featured_media":20045,"template":"","meta":[],"product_brand":[],"product_cat":[68,69],"product_tag":[],"class_list":{"0":"post-19943","1":"product","2":"type-product","3":"status-publish","4":"has-post-thumbnail","6":"product_cat-hochwasserschutz","7":"product_cat-starkregenmanagement","9":"first","10":"instock","11":"shipping-taxable","12":"product-type-simple"},"_links":{"self":[{"href":"https:\/\/www.mup-water.com\/en\/wp-json\/wp\/v2\/product\/19943","targetHints":{"allow":["GET"]}}],"collection":[{"href":"https:\/\/www.mup-water.com\/en\/wp-json\/wp\/v2\/product"}],"about":[{"href":"https:\/\/www.mup-water.com\/en\/wp-json\/wp\/v2\/types\/product"}],"wp:featuredmedia":[{"embeddable":true,"href":"https:\/\/www.mup-water.com\/en\/wp-json\/wp\/v2\/media\/20045"}],"wp:attachment":[{"href":"https:\/\/www.mup-water.com\/en\/wp-json\/wp\/v2\/media?parent=19943"}],"wp:term":[{"taxonomy":"product_brand","embeddable":true,"href":"https:\/\/www.mup-water.com\/en\/wp-json\/wp\/v2\/product_brand?post=19943"},{"taxonomy":"product_cat","embeddable":true,"href":"https:\/\/www.mup-water.com\/en\/wp-json\/wp\/v2\/product_cat?post=19943"},{"taxonomy":"product_tag","embeddable":true,"href":"https:\/\/www.mup-water.com\/en\/wp-json\/wp\/v2\/product_tag?post=19943"}],"curies":[{"name":"wp","href":"https:\/\/api.w.org\/{rel}","templated":true}]}}