{"id":19980,"date":"2023-06-22T07:16:26","date_gmt":"2023-06-22T07:16:26","guid":{"rendered":"https:\/\/mup-water-wordpress.rz.mup-digital.com\/?post_type=product&#038;p=19980"},"modified":"2023-08-09T17:21:33","modified_gmt":"2023-08-09T17:21:33","slug":"buro-und-laborgebaude-b1-berlinbiotechpark-baugrubenplanung","status":"publish","type":"product","link":"https:\/\/www.mup-water.com\/en\/product\/buro-und-laborgebaude-b1-berlinbiotechpark-baugrubenplanung\/","title":{"rendered":"Office and laboratory building B1, berlinbiotechpark - excavation planning"},"content":{"rendered":"<h2><b>Office and laboratory building B1, berlinbiotechpark - excavation planning<\/b><\/h2>\n<p>&nbsp;<\/p>\n<table>\n<tbody>\n<tr>\n<td><b>Client<\/b><\/td>\n<td>Argolon GmbH<\/p>\n<p>Draschwitzer Hauptstra\u00dfe 11, 06729 Elsteraue<\/td>\n<\/tr>\n<tr>\n<td><b>Performance period<\/b><\/td>\n<td>2023 - today<\/td>\n<\/tr>\n<tr>\n<td><b>Project<\/b><\/td>\n<td>According to the \"Update of the subsoil expertise\" for the present project, the excavation pit is to be<br \/>\nwater to be protected. As the bottom of the excavation pit is ~ 3.85 m below the highest expected<br \/>\ngroundwater level, the excavation pit must be made watertight.<\/td>\n<\/tr>\n<tr>\n<td><b>Engineering services<\/b><\/td>\n<td>\n<ul>\n<li>Variant analysis of the sealing base<\/li>\n<\/ul>\n<ol>\n<li>Underwater concrete<\/li>\n<li>2. underwater concrete with back anchoring<\/li>\n<li>Bottom sealing made of Neutrogel\u00ae or similar.<\/li>\n<\/ol>\n<ul>\n<li>Dimensioning of dewatering<\/li>\n<\/ul>\n<ol>\n<li>Determination of the water volume to be pumped as delivery rate and total delivery volume<\/li>\n<li>Number of pumps incl. flow rate<\/li>\n<li>Arrangement of the required pump sumps \/ wells incl. entry in the excavation plan<\/li>\n<li>Brief report<\/li>\n<\/ol>\n<\/td>\n<\/tr>\n<\/tbody>\n<\/table>","protected":false},"excerpt":{"rendered":"<p>B\u00fcro- und Laborgeb\u00e4ude B1, berlinbiotechpark &#8211; Baugrubenplanung &nbsp; Auftraggeber Argolon GmbH Draschwitzer Hauptstra\u00dfe 11, 06729 Elsteraue Leistungszeitraum 2023 \u2013 heute<\/p>","protected":false},"featured_media":19982,"template":"","meta":[],"product_brand":[],"product_cat":[73,74],"product_tag":[],"class_list":{"0":"post-19980","1":"product","2":"type-product","3":"status-publish","4":"has-post-thumbnail","6":"product_cat-sonstiges","7":"product_cat-tragwerksplanung","9":"first","10":"instock","11":"shipping-taxable","12":"product-type-simple"},"_links":{"self":[{"href":"https:\/\/www.mup-water.com\/en\/wp-json\/wp\/v2\/product\/19980","targetHints":{"allow":["GET"]}}],"collection":[{"href":"https:\/\/www.mup-water.com\/en\/wp-json\/wp\/v2\/product"}],"about":[{"href":"https:\/\/www.mup-water.com\/en\/wp-json\/wp\/v2\/types\/product"}],"wp:featuredmedia":[{"embeddable":true,"href":"https:\/\/www.mup-water.com\/en\/wp-json\/wp\/v2\/media\/19982"}],"wp:attachment":[{"href":"https:\/\/www.mup-water.com\/en\/wp-json\/wp\/v2\/media?parent=19980"}],"wp:term":[{"taxonomy":"product_brand","embeddable":true,"href":"https:\/\/www.mup-water.com\/en\/wp-json\/wp\/v2\/product_brand?post=19980"},{"taxonomy":"product_cat","embeddable":true,"href":"https:\/\/www.mup-water.com\/en\/wp-json\/wp\/v2\/product_cat?post=19980"},{"taxonomy":"product_tag","embeddable":true,"href":"https:\/\/www.mup-water.com\/en\/wp-json\/wp\/v2\/product_tag?post=19980"}],"curies":[{"name":"wp","href":"https:\/\/api.w.org\/{rel}","templated":true}]}}